{"id":69,"date":"2024-09-17T17:14:31","date_gmt":"2024-09-17T15:14:31","guid":{"rendered":"https:\/\/haber-tech.de\/?page_id=69"},"modified":"2024-11-04T22:02:08","modified_gmt":"2024-11-04T21:02:08","slug":"contact","status":"publish","type":"page","link":"https:\/\/haber-tech.de\/en\/contact\/","title":{"rendered":"Contact"},"content":{"rendered":"<div data-elementor-type=\"wp-page\" data-elementor-id=\"69\" class=\"elementor elementor-69\">\n\t\t\t\t<div class=\"elementor-element elementor-element-e44f11c e-flex e-con-boxed e-con e-parent\" data-id=\"e44f11c\" data-element_type=\"container\" data-e-type=\"container\">\n\t\t\t\t\t<div class=\"e-con-inner\">\n\t\t<div class=\"elementor-element elementor-element-ab51a5c e-con-full e-flex e-con e-child\" data-id=\"ab51a5c\" data-element_type=\"container\" data-e-type=\"container\">\n\t\t\t\t<div class=\"elementor-element elementor-element-6491ea8 elementor-widget__width-initial elementor-widget elementor-widget-text-editor\" data-id=\"6491ea8\" data-element_type=\"widget\" data-e-type=\"widget\" data-widget_type=\"text-editor.default\">\n\t\t\t\t<div class=\"elementor-widget-container\">\n\t\t\t\t\t\t\t\t\t<p><strong>Contact us for your self-drilling anchor solutions<\/strong><\/p><p>Do you have any questions about our self-drilling anchors or need a customized quote? Simply fill out the form below and our team will get back to you as soon as possible. We look forward to assisting you with the right solutions for your project.<\/p><p>You can also reach us at any time via <a href=\"https:\/\/www.instagram.com\/habertechgmbh\/\">Instagram.<\/a><\/p>\t\t\t\t\t\t\t\t<\/div>\n\t\t\t\t<\/div>\n\t\t\t\t<\/div>\n\t\t\t\t<div class=\"elementor-element elementor-element-1f1524b elementor-widget__width-initial elementor-widget-mobile__width-inherit elementor-widget elementor-widget-html\" data-id=\"1f1524b\" data-element_type=\"widget\" data-e-type=\"widget\" data-widget_type=\"html.default\">\n\t\t\t\t<div class=\"elementor-widget-container\">\n\t\t\t\t\t<!-- modify this form HTML and place wherever you want your form -->\n<form\n  action=\"https:\/\/formspree.io\/f\/xwpkezkr\"\n  method=\"POST\"\n>\n  <label>\n    Your email:\n    <input type=\"email\" name=\"email\">\n  <\/label>\n  <label>\n    Your message:\n    <textarea name=\"message\"><\/textarea>\n  <\/label>\n  <!-- your other form fields go here -->\n  <button type=\"submit\">Send<\/button>\n<\/form>\t\t\t\t<\/div>\n\t\t\t\t<\/div>\n\t\t\t\t\t<\/div>\n\t\t\t\t<\/div>\n\t\t\t\t<\/div>","protected":false},"excerpt":{"rendered":"<p>Kontaktieren Sie uns f\u00fcr Ihre Selbstbohranker-L\u00f6sungen Sie haben Fragen zu unseren Selbstbohrankern oder ben\u00f6tigen ein individuelles Angebot? F\u00fcllen Sie einfach das untenstehende Formular aus und unser Team wird sich schnellstm\u00f6glich bei Ihnen melden. Wir freuen uns, Ihnen bei Ihrem Projekt mit den passenden L\u00f6sungen zur Seite zu stehen. Sie erreichen uns ausserdem jederzeit \u00fcber Instagram. [&hellip;]<\/p>\n","protected":false},"author":1,"featured_media":0,"parent":0,"menu_order":0,"comment_status":"closed","ping_status":"closed","template":"","meta":{"site-container-style":"default","site-container-layout":"default","site-sidebar-layout":"default","disable-article-header":"default","disable-site-header":"default","disable-site-footer":"default","disable-content-area-spacing":"default","footnotes":""},"class_list":["post-69","page","type-page","status-publish","hentry"],"_links":{"self":[{"href":"https:\/\/haber-tech.de\/en\/wp-json\/wp\/v2\/pages\/69","targetHints":{"allow":["GET"]}}],"collection":[{"href":"https:\/\/haber-tech.de\/en\/wp-json\/wp\/v2\/pages"}],"about":[{"href":"https:\/\/haber-tech.de\/en\/wp-json\/wp\/v2\/types\/page"}],"author":[{"embeddable":true,"href":"https:\/\/haber-tech.de\/en\/wp-json\/wp\/v2\/users\/1"}],"replies":[{"embeddable":true,"href":"https:\/\/haber-tech.de\/en\/wp-json\/wp\/v2\/comments?post=69"}],"version-history":[{"count":35,"href":"https:\/\/haber-tech.de\/en\/wp-json\/wp\/v2\/pages\/69\/revisions"}],"predecessor-version":[{"id":989,"href":"https:\/\/haber-tech.de\/en\/wp-json\/wp\/v2\/pages\/69\/revisions\/989"}],"wp:attachment":[{"href":"https:\/\/haber-tech.de\/en\/wp-json\/wp\/v2\/media?parent=69"}],"curies":[{"name":"wp","href":"https:\/\/api.w.org\/{rel}","templated":true}]}}