{"id":177,"date":"2024-10-09T10:12:52","date_gmt":"2024-10-09T08:12:52","guid":{"rendered":"https:\/\/haber-tech.de\/?page_id=177"},"modified":"2024-10-25T12:15:06","modified_gmt":"2024-10-25T10:15:06","slug":"produktportfolio-china","status":"publish","type":"page","link":"https:\/\/haber-tech.de\/en\/produktportfolio-china\/","title":{"rendered":"Product portfolio China"},"content":{"rendered":"<hr class=\"wp-block-separator has-alpha-channel-opacity\"\/>\n\n\n\n<h2 class=\"wp-block-heading has-text-align-center\">Umbrella Pipe System<\/h2>\n\n\n\n<p><strong>Das YUS &#8211; Umbrella System ist eine hocheffiziente, hochstabile und hochsichere St\u00fctzkonstruktion, die bei unzureichender Gebirgsfestigkeit und Vorspanndruck am Tunneleingang eingesetzt wird.  <\/strong><\/p>\n\n\n\n<p>Das Bauverfahren besteht darin, eine Reihe von vorgest\u00fctzten Stahlrohren in L\u00e4ngsrichtung in das obere Gew\u00f6lbe des noch nicht ausgebrochenen Tunnels einzutreiben und vor dem Ausbruch eine Konsolidierungsverpressung vorzunehmen, um einen schirmf\u00f6rmigen Schutzring am oberen Ende des Tunnels zu bilden, und die Stahlrohre nach dem Tunnelausbruch mit einem Stahltr\u00e4ger, einem Stahldrahtgeflecht und Spritzbeton zu st\u00fctzen, um ein dreidimensionales St\u00fctzsystem zu bilden und so die strukturelle Stabilit\u00e4t des Tunnels zu gew\u00e4hrleisten.<\/p>\n\n\n\n<p><\/p>\n\n\n\n<figure class=\"wp-block-gallery has-nested-images columns-3 is-cropped wp-block-gallery-1 is-layout-flex wp-block-gallery-is-layout-flex\">\n<figure class=\"wp-block-image size-large\"><img fetchpriority=\"high\" decoding=\"async\" width=\"1024\" height=\"819\" data-id=\"191\" src=\"https:\/\/haber-tech.de\/wp-content\/uploads\/2024\/10\/869295DBEE0D8CF82D59FA52BB77D655-1024x819.jpg\" alt=\"\" class=\"wp-image-191\" srcset=\"https:\/\/haber-tech.de\/wp-content\/uploads\/2024\/10\/869295DBEE0D8CF82D59FA52BB77D655-1024x819.jpg 1024w, https:\/\/haber-tech.de\/wp-content\/uploads\/2024\/10\/869295DBEE0D8CF82D59FA52BB77D655-300x240.jpg 300w, https:\/\/haber-tech.de\/wp-content\/uploads\/2024\/10\/869295DBEE0D8CF82D59FA52BB77D655-768x614.jpg 768w, https:\/\/haber-tech.de\/wp-content\/uploads\/2024\/10\/869295DBEE0D8CF82D59FA52BB77D655-1536x1229.jpg 1536w, https:\/\/haber-tech.de\/wp-content\/uploads\/2024\/10\/869295DBEE0D8CF82D59FA52BB77D655-2048x1638.jpg 2048w, https:\/\/haber-tech.de\/wp-content\/uploads\/2024\/10\/869295DBEE0D8CF82D59FA52BB77D655-15x12.jpg 15w\" sizes=\"(max-width: 1024px) 100vw, 1024px\" \/><\/figure>\n\n\n\n<figure class=\"wp-block-image size-large\"><img decoding=\"async\" width=\"1024\" height=\"819\" data-id=\"190\" src=\"https:\/\/haber-tech.de\/wp-content\/uploads\/2024\/10\/3A0028EE3D67FE8C8F07B09EB3685D33-1024x819.jpg\" alt=\"\" class=\"wp-image-190\" srcset=\"https:\/\/haber-tech.de\/wp-content\/uploads\/2024\/10\/3A0028EE3D67FE8C8F07B09EB3685D33-1024x819.jpg 1024w, https:\/\/haber-tech.de\/wp-content\/uploads\/2024\/10\/3A0028EE3D67FE8C8F07B09EB3685D33-300x240.jpg 300w, https:\/\/haber-tech.de\/wp-content\/uploads\/2024\/10\/3A0028EE3D67FE8C8F07B09EB3685D33-768x614.jpg 768w, https:\/\/haber-tech.de\/wp-content\/uploads\/2024\/10\/3A0028EE3D67FE8C8F07B09EB3685D33-1536x1229.jpg 1536w, https:\/\/haber-tech.de\/wp-content\/uploads\/2024\/10\/3A0028EE3D67FE8C8F07B09EB3685D33-2048x1638.jpg 2048w, https:\/\/haber-tech.de\/wp-content\/uploads\/2024\/10\/3A0028EE3D67FE8C8F07B09EB3685D33-15x12.jpg 15w\" sizes=\"(max-width: 1024px) 100vw, 1024px\" \/><\/figure>\n<\/figure>\n\n\n\n<div class=\"wp-block-buttons is-content-justification-center is-layout-flex wp-container-core-buttons-is-layout-a89b3969 wp-block-buttons-is-layout-flex\">\n<div class=\"wp-block-button\"><a class=\"wp-block-button__link wp-element-button\" href=\"https:\/\/haber-tech.de\/en\/produkte\/umbrella\/\">Details<\/a><\/div>\n<\/div>\n\n\n\n<hr class=\"wp-block-separator has-alpha-channel-opacity\"\/>\n\n\n\n<h2 class=\"wp-block-heading has-text-align-center\">Steel Drill Bits<\/h2>\n\n\n\n<p>Hier kann gerne noch ein Beispieltext und\/oder eine Produktbeschreibung eingef\u00fcgt werden. Die Details zum Produkt sind auf der Unterseite der Artikelgruppe zu finden.<\/p>\n\n\n\n<figure class=\"wp-block-gallery has-nested-images columns-default is-cropped wp-block-gallery-2 is-layout-flex wp-block-gallery-is-layout-flex\">\n<figure class=\"wp-block-image size-large\"><img decoding=\"async\" width=\"1024\" height=\"819\" data-id=\"194\" src=\"https:\/\/haber-tech.de\/wp-content\/uploads\/2024\/10\/HY-35-1024x819.jpg\" alt=\"\" class=\"wp-image-194\" srcset=\"https:\/\/haber-tech.de\/wp-content\/uploads\/2024\/10\/HY-35-1024x819.jpg 1024w, https:\/\/haber-tech.de\/wp-content\/uploads\/2024\/10\/HY-35-300x240.jpg 300w, https:\/\/haber-tech.de\/wp-content\/uploads\/2024\/10\/HY-35-768x614.jpg 768w, https:\/\/haber-tech.de\/wp-content\/uploads\/2024\/10\/HY-35-1536x1229.jpg 1536w, https:\/\/haber-tech.de\/wp-content\/uploads\/2024\/10\/HY-35-2048x1638.jpg 2048w, https:\/\/haber-tech.de\/wp-content\/uploads\/2024\/10\/HY-35-15x12.jpg 15w\" sizes=\"(max-width: 1024px) 100vw, 1024px\" \/><\/figure>\n\n\n\n<figure class=\"wp-block-image size-large\"><img loading=\"lazy\" decoding=\"async\" width=\"1024\" height=\"691\" data-id=\"199\" src=\"https:\/\/haber-tech.de\/wp-content\/uploads\/2024\/10\/ESS-2-1024x691.jpg\" alt=\"\" class=\"wp-image-199\"\/><\/figure>\n<\/figure>\n\n\n\n<div class=\"wp-block-buttons is-content-justification-center is-layout-flex wp-container-core-buttons-is-layout-a89b3969 wp-block-buttons-is-layout-flex\">\n<div class=\"wp-block-button\"><a class=\"wp-block-button__link wp-element-button\" href=\"https:\/\/haber-tech.de\/en\/produkte\/steel-drill-bits\/\">Details<\/a><\/div>\n<\/div>\n\n\n\n<hr class=\"wp-block-separator has-alpha-channel-opacity\"\/>\n\n\n\n<h2 class=\"wp-block-heading has-text-align-center\">Artikelgruppe 3<\/h2>\n\n\n\n<p>Hier kann gerne noch ein Beispieltext und\/oder eine Produktbeschreibung eingef\u00fcgt werden. Die Details zum Produkt sind auf der Unterseite der Artikelgruppe zu finden.<\/p>\n\n\n\n<figure class=\"wp-block-gallery has-nested-images columns-default is-cropped wp-block-gallery-3 is-layout-flex wp-block-gallery-is-layout-flex\">\n<figure class=\"wp-block-image size-large\"><img loading=\"lazy\" decoding=\"async\" width=\"1024\" height=\"691\" data-id=\"203\" src=\"https:\/\/haber-tech.de\/wp-content\/uploads\/2024\/10\/EXX-1024x691.jpg\" alt=\"\" class=\"wp-image-203\" srcset=\"https:\/\/haber-tech.de\/wp-content\/uploads\/2024\/10\/EXX-1024x691.jpg 1024w, https:\/\/haber-tech.de\/wp-content\/uploads\/2024\/10\/EXX-300x203.jpg 300w, https:\/\/haber-tech.de\/wp-content\/uploads\/2024\/10\/EXX-768x518.jpg 768w, https:\/\/haber-tech.de\/wp-content\/uploads\/2024\/10\/EXX-1536x1037.jpg 1536w, https:\/\/haber-tech.de\/wp-content\/uploads\/2024\/10\/EXX-18x12.jpg 18w, https:\/\/haber-tech.de\/wp-content\/uploads\/2024\/10\/EXX.jpg 1600w\" sizes=\"(max-width: 1024px) 100vw, 1024px\" \/><\/figure>\n\n\n\n<figure class=\"wp-block-image size-large\"><img loading=\"lazy\" decoding=\"async\" width=\"1024\" height=\"691\" data-id=\"204\" src=\"https:\/\/haber-tech.de\/wp-content\/uploads\/2024\/10\/EXX-2-1024x691.jpg\" alt=\"\" class=\"wp-image-204\" srcset=\"https:\/\/haber-tech.de\/wp-content\/uploads\/2024\/10\/EXX-2-1024x691.jpg 1024w, https:\/\/haber-tech.de\/wp-content\/uploads\/2024\/10\/EXX-2-300x203.jpg 300w, https:\/\/haber-tech.de\/wp-content\/uploads\/2024\/10\/EXX-2-768x518.jpg 768w, https:\/\/haber-tech.de\/wp-content\/uploads\/2024\/10\/EXX-2-1536x1037.jpg 1536w, https:\/\/haber-tech.de\/wp-content\/uploads\/2024\/10\/EXX-2-18x12.jpg 18w, https:\/\/haber-tech.de\/wp-content\/uploads\/2024\/10\/EXX-2.jpg 1600w\" sizes=\"(max-width: 1024px) 100vw, 1024px\" \/><\/figure>\n<\/figure>\n\n\n\n<div class=\"wp-block-buttons is-content-justification-center is-layout-flex wp-container-core-buttons-is-layout-a89b3969 wp-block-buttons-is-layout-flex\">\n<div class=\"wp-block-button\"><a class=\"wp-block-button__link wp-element-button\" href=\"https:\/\/haber-tech.de\/en\/produkte\/artikelgruppe-3\/\">Details<\/a><\/div>\n<\/div>\n\n\n\n<hr class=\"wp-block-separator has-alpha-channel-opacity\"\/>\n\n\n\n<h2 class=\"wp-block-heading has-text-align-center\">Artikelgruppe 4<\/h2>\n\n\n\n<p>Hier kann gerne noch ein Beispieltext und\/oder eine Produktbeschreibung eingef\u00fcgt werden. Die Details zum Produkt sind auf der Unterseite der Artikelgruppe zu finden.<\/p>\n\n\n\n<figure class=\"wp-block-gallery has-nested-images columns-default is-cropped wp-block-gallery-4 is-layout-flex wp-block-gallery-is-layout-flex\">\n<figure class=\"wp-block-image size-large\"><img loading=\"lazy\" decoding=\"async\" width=\"1024\" height=\"768\" data-id=\"265\" src=\"https:\/\/haber-tech.de\/wp-content\/uploads\/2024\/10\/T76-130ESE-L\u900f\u89c6-1024x768.jpg\" alt=\"\" class=\"wp-image-265\" srcset=\"https:\/\/haber-tech.de\/wp-content\/uploads\/2024\/10\/T76-130ESE-L\u900f\u89c6-1024x768.jpg 1024w, https:\/\/haber-tech.de\/wp-content\/uploads\/2024\/10\/T76-130ESE-L\u900f\u89c6-300x225.jpg 300w, https:\/\/haber-tech.de\/wp-content\/uploads\/2024\/10\/T76-130ESE-L\u900f\u89c6-768x576.jpg 768w, https:\/\/haber-tech.de\/wp-content\/uploads\/2024\/10\/T76-130ESE-L\u900f\u89c6-1536x1152.jpg 1536w, https:\/\/haber-tech.de\/wp-content\/uploads\/2024\/10\/T76-130ESE-L\u900f\u89c6-16x12.jpg 16w, https:\/\/haber-tech.de\/wp-content\/uploads\/2024\/10\/T76-130ESE-L\u900f\u89c6.jpg 2000w\" sizes=\"(max-width: 1024px) 100vw, 1024px\" \/><\/figure>\n\n\n\n<figure class=\"wp-block-image size-large\"><img loading=\"lazy\" decoding=\"async\" width=\"1024\" height=\"768\" data-id=\"263\" src=\"https:\/\/haber-tech.de\/wp-content\/uploads\/2024\/10\/T76-130ESE-L\u5e73\u89c6-1024x768.jpg\" alt=\"\" class=\"wp-image-263\" srcset=\"https:\/\/haber-tech.de\/wp-content\/uploads\/2024\/10\/T76-130ESE-L\u5e73\u89c6-1024x768.jpg 1024w, https:\/\/haber-tech.de\/wp-content\/uploads\/2024\/10\/T76-130ESE-L\u5e73\u89c6-300x225.jpg 300w, https:\/\/haber-tech.de\/wp-content\/uploads\/2024\/10\/T76-130ESE-L\u5e73\u89c6-768x576.jpg 768w, https:\/\/haber-tech.de\/wp-content\/uploads\/2024\/10\/T76-130ESE-L\u5e73\u89c6-16x12.jpg 16w, https:\/\/haber-tech.de\/wp-content\/uploads\/2024\/10\/T76-130ESE-L\u5e73\u89c6.jpg 1244w\" sizes=\"(max-width: 1024px) 100vw, 1024px\" \/><\/figure>\n<\/figure>\n\n\n\n<div class=\"wp-block-buttons is-content-justification-center is-layout-flex wp-container-core-buttons-is-layout-a89b3969 wp-block-buttons-is-layout-flex\">\n<div class=\"wp-block-button\"><a class=\"wp-block-button__link wp-element-button\" href=\"https:\/\/haber-tech.de\/en\/produkte\/artikelgruppe-4\/\">Details<\/a><\/div>\n<\/div>\n\n\n\n<hr class=\"wp-block-separator has-alpha-channel-opacity\"\/>\n\n\n\n<h2 class=\"wp-block-heading has-text-align-center\">Artikelgruppe 5<\/h2>\n\n\n\n<p>Hier kann gerne noch ein Beispieltext und\/oder eine Produktbeschreibung eingef\u00fcgt werden. Die Details zum Produkt sind auf der Unterseite der Artikelgruppe zu finden.<\/p>\n\n\n\n<figure class=\"wp-block-gallery has-nested-images columns-default is-cropped wp-block-gallery-5 is-layout-flex wp-block-gallery-is-layout-flex\">\n<figure class=\"wp-block-image size-large\"><img loading=\"lazy\" decoding=\"async\" width=\"1024\" height=\"674\" data-id=\"266\" src=\"https:\/\/haber-tech.de\/wp-content\/uploads\/2024\/10\/T52-250EWE\u6a58\u9ec4\u8272-1024x674.jpg\" alt=\"\" class=\"wp-image-266\" srcset=\"https:\/\/haber-tech.de\/wp-content\/uploads\/2024\/10\/T52-250EWE\u6a58\u9ec4\u8272-1024x674.jpg 1024w, https:\/\/haber-tech.de\/wp-content\/uploads\/2024\/10\/T52-250EWE\u6a58\u9ec4\u8272-300x197.jpg 300w, https:\/\/haber-tech.de\/wp-content\/uploads\/2024\/10\/T52-250EWE\u6a58\u9ec4\u8272-768x505.jpg 768w, https:\/\/haber-tech.de\/wp-content\/uploads\/2024\/10\/T52-250EWE\u6a58\u9ec4\u8272-1536x1011.jpg 1536w, https:\/\/haber-tech.de\/wp-content\/uploads\/2024\/10\/T52-250EWE\u6a58\u9ec4\u8272-2048x1347.jpg 2048w, https:\/\/haber-tech.de\/wp-content\/uploads\/2024\/10\/T52-250EWE\u6a58\u9ec4\u8272-18x12.jpg 18w\" sizes=\"(max-width: 1024px) 100vw, 1024px\" \/><\/figure>\n\n\n\n<figure class=\"wp-block-image size-large\"><img loading=\"lazy\" decoding=\"async\" width=\"1024\" height=\"813\" data-id=\"267\" src=\"https:\/\/haber-tech.de\/wp-content\/uploads\/2024\/10\/T52-250EWE\u7ea2\u8272-1024x813.jpg\" alt=\"\" class=\"wp-image-267\" srcset=\"https:\/\/haber-tech.de\/wp-content\/uploads\/2024\/10\/T52-250EWE\u7ea2\u8272-1024x813.jpg 1024w, https:\/\/haber-tech.de\/wp-content\/uploads\/2024\/10\/T52-250EWE\u7ea2\u8272-300x238.jpg 300w, https:\/\/haber-tech.de\/wp-content\/uploads\/2024\/10\/T52-250EWE\u7ea2\u8272-768x610.jpg 768w, https:\/\/haber-tech.de\/wp-content\/uploads\/2024\/10\/T52-250EWE\u7ea2\u8272-1536x1219.jpg 1536w, https:\/\/haber-tech.de\/wp-content\/uploads\/2024\/10\/T52-250EWE\u7ea2\u8272-2048x1626.jpg 2048w, https:\/\/haber-tech.de\/wp-content\/uploads\/2024\/10\/T52-250EWE\u7ea2\u8272-15x12.jpg 15w\" sizes=\"(max-width: 1024px) 100vw, 1024px\" \/><\/figure>\n<\/figure>\n\n\n\n<div class=\"wp-block-buttons is-content-justification-center is-layout-flex wp-container-core-buttons-is-layout-a89b3969 wp-block-buttons-is-layout-flex\">\n<div class=\"wp-block-button\"><a class=\"wp-block-button__link wp-element-button\" href=\"https:\/\/haber-tech.de\/en\/produkte\/artikelgruppe-5\/\">Details<\/a><\/div>\n<\/div>\n\n\n\n<p><\/p>","protected":false},"excerpt":{"rendered":"<p>Umbrella Pipe System Das YUS &#8211; Umbrella System ist eine hocheffiziente, hochstabile und hochsichere St\u00fctzkonstruktion, die bei unzureichender Gebirgsfestigkeit und Vorspanndruck am Tunneleingang eingesetzt wird. Das Bauverfahren besteht darin, eine Reihe von vorgest\u00fctzten Stahlrohren in L\u00e4ngsrichtung in das obere Gew\u00f6lbe des noch nicht ausgebrochenen Tunnels einzutreiben und vor dem Ausbruch eine Konsolidierungsverpressung vorzunehmen, um einen [&hellip;]<\/p>\n","protected":false},"author":1,"featured_media":0,"parent":0,"menu_order":0,"comment_status":"closed","ping_status":"closed","template":"","meta":{"site-container-style":"default","site-container-layout":"default","site-sidebar-layout":"default","disable-article-header":"default","disable-site-header":"default","disable-site-footer":"default","disable-content-area-spacing":"default","footnotes":""},"class_list":["post-177","page","type-page","status-publish","hentry"],"_links":{"self":[{"href":"https:\/\/haber-tech.de\/en\/wp-json\/wp\/v2\/pages\/177","targetHints":{"allow":["GET"]}}],"collection":[{"href":"https:\/\/haber-tech.de\/en\/wp-json\/wp\/v2\/pages"}],"about":[{"href":"https:\/\/haber-tech.de\/en\/wp-json\/wp\/v2\/types\/page"}],"author":[{"embeddable":true,"href":"https:\/\/haber-tech.de\/en\/wp-json\/wp\/v2\/users\/1"}],"replies":[{"embeddable":true,"href":"https:\/\/haber-tech.de\/en\/wp-json\/wp\/v2\/comments?post=177"}],"version-history":[{"count":18,"href":"https:\/\/haber-tech.de\/en\/wp-json\/wp\/v2\/pages\/177\/revisions"}],"predecessor-version":[{"id":806,"href":"https:\/\/haber-tech.de\/en\/wp-json\/wp\/v2\/pages\/177\/revisions\/806"}],"wp:attachment":[{"href":"https:\/\/haber-tech.de\/en\/wp-json\/wp\/v2\/media?parent=177"}],"curies":[{"name":"wp","href":"https:\/\/api.w.org\/{rel}","templated":true}]}}